{"id":3860,"date":"2025-05-16T10:31:41","date_gmt":"2025-05-16T16:31:41","guid":{"rendered":"https:\/\/palabradevidasv.org\/?page_id=3860"},"modified":"2025-05-22T09:52:00","modified_gmt":"2025-05-22T15:52:00","slug":"voluntario","status":"publish","type":"page","link":"https:\/\/palabradevidasv.org\/en\/involucrate\/voluntario\/","title":{"rendered":"Voluntario"},"content":{"rendered":"<div data-elementor-type=\"wp-page\" data-elementor-id=\"3860\" class=\"elementor elementor-3860\">\n\t\t\t\t<div class=\"elementor-element elementor-element-d0ff2a5 e-flex e-con-boxed e-con e-parent\" data-id=\"d0ff2a5\" data-element_type=\"container\" data-e-type=\"container\" data-settings=\"{&quot;background_background&quot;:&quot;classic&quot;}\">\n\t\t\t\t\t<div class=\"e-con-inner\">\n\t\t\t\t<div class=\"elementor-element elementor-element-ea2c842 elementor-widget elementor-widget-heading\" data-id=\"ea2c842\" data-element_type=\"widget\" data-e-type=\"widget\" data-widget_type=\"heading.default\">\n\t\t\t\t\t<h1 class=\"elementor-heading-title elementor-size-default\">Voluntario<\/h1>\t\t\t\t<\/div>\n\t\t\t\t\t<\/div>\n\t\t\t\t<\/div>\n\t\t<div class=\"elementor-element elementor-element-a53530c e-flex e-con-boxed e-con e-parent\" data-id=\"a53530c\" data-element_type=\"container\" data-e-type=\"container\">\n\t\t\t\t\t<div class=\"e-con-inner\">\n\t\t\t\t<div class=\"elementor-element elementor-element-78a6432 elementor-widget elementor-widget-heading\" data-id=\"78a6432\" data-element_type=\"widget\" data-e-type=\"widget\" data-widget_type=\"heading.default\">\n\t\t\t\t\t<h2 class=\"elementor-heading-title elementor-size-default\">\u00bfQU\u00c9 ES UN VOLUNTARIO DE PALABRA DE VIDA?<\/h2>\t\t\t\t<\/div>\n\t\t\t\t<div class=\"elementor-element elementor-element-3ec9a0f elementor-widget elementor-widget-text-editor\" data-id=\"3ec9a0f\" data-element_type=\"widget\" data-e-type=\"widget\" data-widget_type=\"text-editor.default\">\n\t\t\t\t\t\t\t\t\t<p>\u00a1Bienvenido al proceso de solicitud en l\u00ednea para voluntarios de Palabra de Vida El Salvador! Estamos agradecidos de que est\u00e9s tratando de servir al Se\u00f1or Jesucristo con tu vida y que este considerando en oraci\u00f3n unirse con nosotros de esta manera. A continuaci\u00f3n ver\u00e1s un resumen de lo que es un voluntario de Palabra de Vida. Estos incluyen sus responsabilidades y las expectativas para nuestros voluntarios. Lea lo siguiente y estaremos encantados de responder cualquier pregunta que puedas tener.<\/p>\t\t\t\t\t\t\t\t<\/div>\n\t\t\t\t<div class=\"elementor-element elementor-element-31276bb elementor-widget elementor-widget-text-editor\" data-id=\"31276bb\" data-element_type=\"widget\" data-e-type=\"widget\" data-widget_type=\"text-editor.default\">\n\t\t\t\t\t\t\t\t\t<p><strong>Un Voluntario de Palabra de Vida es un creyente en Cristo que tiene un llamado de Dios para servir en una variedad de \u00e1reas dentro de su iglesia local y Palabra de Vida.<\/strong><\/p>\t\t\t\t\t\t\t\t<\/div>\n\t\t\t\t<div class=\"elementor-element elementor-element-2390273 elementor-widget elementor-widget-heading\" data-id=\"2390273\" data-element_type=\"widget\" data-e-type=\"widget\" data-widget_type=\"heading.default\">\n\t\t\t\t\t<h3 class=\"elementor-heading-title elementor-size-default\">Responsabilidades<\/h3>\t\t\t\t<\/div>\n\t\t\t\t<div class=\"elementor-element elementor-element-eb249d8 elementor-widget elementor-widget-text-editor\" data-id=\"eb249d8\" data-element_type=\"widget\" data-e-type=\"widget\" data-widget_type=\"text-editor.default\">\n\t\t\t\t\t\t\t\t\t<ul><li>Exprese formalmente su acuerdo con la Declaraci\u00f3n de Fe y el Est\u00e1ndar de Conducta.<\/li><li>Se adhieren expl\u00edcitamente a las pautas del ministerio en asuntos fundamentales como la posici\u00f3n doctrinal, la declaraci\u00f3n de misi\u00f3n y la visi\u00f3n del ministerio mientras se ofrecen como voluntarios en nuestras instalaciones y eventos.<\/li><li>Tener un enfoque b\u00edblico para responder al liderazgo de las autoridades de Palabra de Vida.<\/li><li>Haga el mejor esfuerzo para cumplir los objetivos y metas de Palabra de Vida con diligencia y excelencia en cada \u00e1rea bajo su responsabilidad.<\/li><li>Use discreci\u00f3n fuera de Palabra de Vida mientras usa cualquier ropa de Word of Life.<\/li><\/ul>\t\t\t\t\t\t\t\t<\/div>\n\t\t\t\t<div class=\"elementor-element elementor-element-16ebc7a elementor-widget elementor-widget-heading\" data-id=\"16ebc7a\" data-element_type=\"widget\" data-e-type=\"widget\" data-widget_type=\"heading.default\">\n\t\t\t\t\t<h3 class=\"elementor-heading-title elementor-size-default\">Responsabilidades<\/h3>\t\t\t\t<\/div>\n\t\t\t\t<div class=\"elementor-element elementor-element-bcb2362 elementor-widget elementor-widget-text-editor\" data-id=\"bcb2362\" data-element_type=\"widget\" data-e-type=\"widget\" data-widget_type=\"text-editor.default\">\n\t\t\t\t\t\t\t\t\t<ul><li>Cumplir con el n\u00famero de horas de trabajo por semana seg\u00fan lo establecido. S\u00e9 un buen administrador del tiempo del ministerio.<\/li><li>Comprenda que hay casos en los que hay una demanda excepcional de tiempo de ministerio, especialmente durante las semanas de campamento m\u00e1s ocupadas.<\/li><li>Servir con un esp\u00edritu de equipo, contribuyendo a la unidad del equipo bajo la visi\u00f3n Palabra de Vida y desarrollando relaciones saludables con los miembros del equipo, invitados y campistas.<\/li><li>Tenga en cuenta los par\u00e1metros bajo los cuales fue invitado a servir.<\/li><\/ul>\t\t\t\t\t\t\t\t<\/div>\n\t\t\t\t<div class=\"elementor-element elementor-element-e4be792 elementor-widget elementor-widget-text-editor\" data-id=\"e4be792\" data-element_type=\"widget\" data-e-type=\"widget\" data-widget_type=\"text-editor.default\">\n\t\t\t\t\t\t\t\t\t<p><strong><span>En resumen, Palabra de Vida espera que cada voluntario sea diligente en las areas que apoye durante su servicio.<\/span><\/strong><\/p>\t\t\t\t\t\t\t\t<\/div>\n\t\t\t\t\t<\/div>\n\t\t\t\t<\/div>\n\t\t\t\t<\/div>","protected":false},"excerpt":{"rendered":"<p>Voluntario \u00bfQU\u00c9 ES UN VOLUNTARIO DE PALABRA DE VIDA? \u00a1Bienvenido al proceso de solicitud en l\u00ednea para voluntarios de Palabra de Vida El Salvador! Estamos agradecidos de que est\u00e9s tratando de servir al Se\u00f1or Jesucristo con tu vida y que este considerando en oraci\u00f3n unirse con nosotros de esta manera. A continuaci\u00f3n ver\u00e1s un resumen [&hellip;]<\/p>\n","protected":false},"author":1,"featured_media":0,"parent":3824,"menu_order":1,"comment_status":"closed","ping_status":"closed","template":"","meta":{"footnotes":""},"class_list":["post-3860","page","type-page","status-publish","hentry"],"aioseo_notices":[],"_links":{"self":[{"href":"https:\/\/palabradevidasv.org\/en\/wp-json\/wp\/v2\/pages\/3860","targetHints":{"allow":["GET"]}}],"collection":[{"href":"https:\/\/palabradevidasv.org\/en\/wp-json\/wp\/v2\/pages"}],"about":[{"href":"https:\/\/palabradevidasv.org\/en\/wp-json\/wp\/v2\/types\/page"}],"author":[{"embeddable":true,"href":"https:\/\/palabradevidasv.org\/en\/wp-json\/wp\/v2\/users\/1"}],"replies":[{"embeddable":true,"href":"https:\/\/palabradevidasv.org\/en\/wp-json\/wp\/v2\/comments?post=3860"}],"version-history":[{"count":22,"href":"https:\/\/palabradevidasv.org\/en\/wp-json\/wp\/v2\/pages\/3860\/revisions"}],"predecessor-version":[{"id":3933,"href":"https:\/\/palabradevidasv.org\/en\/wp-json\/wp\/v2\/pages\/3860\/revisions\/3933"}],"up":[{"embeddable":true,"href":"https:\/\/palabradevidasv.org\/en\/wp-json\/wp\/v2\/pages\/3824"}],"wp:attachment":[{"href":"https:\/\/palabradevidasv.org\/en\/wp-json\/wp\/v2\/media?parent=3860"}],"curies":[{"name":"wp","href":"https:\/\/api.w.org\/{rel}","templated":true}]}}