{"id":3824,"date":"2025-05-16T09:58:18","date_gmt":"2025-05-16T15:58:18","guid":{"rendered":"https:\/\/palabradevidasv.org\/?page_id=3824"},"modified":"2025-05-21T08:54:41","modified_gmt":"2025-05-21T14:54:41","slug":"involucrate","status":"publish","type":"page","link":"https:\/\/palabradevidasv.org\/en\/involucrate\/","title":{"rendered":"Involucrate"},"content":{"rendered":"<div data-elementor-type=\"wp-page\" data-elementor-id=\"3824\" class=\"elementor elementor-3824\">\n\t\t\t\t<div class=\"elementor-element elementor-element-45b2a03 e-flex e-con-boxed e-con e-parent\" data-id=\"45b2a03\" data-element_type=\"container\" data-e-type=\"container\" data-settings=\"{&quot;background_background&quot;:&quot;classic&quot;}\">\n\t\t\t\t\t<div class=\"e-con-inner\">\n\t\t\t\t<div class=\"elementor-element elementor-element-6b77d63 elementor-widget elementor-widget-heading\" data-id=\"6b77d63\" data-element_type=\"widget\" data-e-type=\"widget\" data-widget_type=\"heading.default\">\n\t\t\t\t\t<h1 class=\"elementor-heading-title elementor-size-default\">Involucrate<\/h1>\t\t\t\t<\/div>\n\t\t\t\t<div class=\"elementor-element elementor-element-ca68acf elementor-widget elementor-widget-text-editor\" data-id=\"ca68acf\" data-element_type=\"widget\" data-e-type=\"widget\" data-widget_type=\"text-editor.default\">\n\t\t\t\t\t\t\t\t\t<p>Ya seas carpintero, estudiante o enfermero, Dios puede utilizarte en el ministerio. Dependemos del pueblo de Dios para ayudar en cientos de \u00e1reas a trav\u00e9s de Palabra de Vida para alcanzar a las personas con el Evangelio.<\/p>\t\t\t\t\t\t\t\t<\/div>\n\t\t\t\t\t<\/div>\n\t\t\t\t<\/div>\n\t\t<div class=\"elementor-element elementor-element-c2dc85f e-flex e-con-boxed e-con e-parent\" data-id=\"c2dc85f\" data-element_type=\"container\" data-e-type=\"container\">\n\t\t\t\t\t<div class=\"e-con-inner\">\n\t\t<div class=\"elementor-element elementor-element-8a975ed e-con-full e-flex e-con e-child\" data-id=\"8a975ed\" data-element_type=\"container\" data-e-type=\"container\">\n\t\t\t\t<div class=\"elementor-element elementor-element-2200a6a elementor-widget elementor-widget-heading\" data-id=\"2200a6a\" data-element_type=\"widget\" data-e-type=\"widget\" data-widget_type=\"heading.default\">\n\t\t\t\t\t<h2 class=\"elementor-heading-title elementor-size-default\">Orar<\/h2>\t\t\t\t<\/div>\n\t\t\t\t<div class=\"elementor-element elementor-element-c22320e elementor-widget elementor-widget-text-editor\" data-id=\"c22320e\" data-element_type=\"widget\" data-e-type=\"widget\" data-widget_type=\"text-editor.default\">\n\t\t\t\t\t\t\t\t\t<p>Al fin y al cabo, nuestra misi\u00f3n de llegar a la pr\u00f3xima generaci\u00f3n con el Evangelio s\u00f3lo puede llevarse a cabo cuando la gente nos apoya en el ministerio de la oraci\u00f3n. Nuestra energ\u00eda espiritual proviene de los guerreros de oraci\u00f3n de cada lugar que se unen para pedir a Dios en nuestro nombre. \u00danete con nosotros comprometi\u00e9ndote a orar por el ministerio de Palabra de Vida.<\/p>\t\t\t\t\t\t\t\t<\/div>\n\t\t\t\t<div class=\"elementor-element elementor-element-7095f6b elementor-widget elementor-widget-button\" data-id=\"7095f6b\" data-element_type=\"widget\" data-e-type=\"widget\" data-widget_type=\"button.default\">\n\t\t\t\t\t\t\t\t\t\t<a class=\"elementor-button elementor-button-link elementor-size-sm\" href=\"https:\/\/palabradevidasv.org\/en\/orar\/\">\n\t\t\t\t\t\t<span class=\"elementor-button-content-wrapper\">\n\t\t\t\t\t\t\t\t\t<span class=\"elementor-button-text\">Conviertete en compa\u00f1ero de oraci\u00f3n<\/span>\n\t\t\t\t\t<\/span>\n\t\t\t\t\t<\/a>\n\t\t\t\t\t\t\t\t<\/div>\n\t\t\t\t<\/div>\n\t\t<div class=\"elementor-element elementor-element-b51907f e-con-full e-flex e-con e-child\" data-id=\"b51907f\" data-element_type=\"container\" data-e-type=\"container\">\n\t\t\t\t<div class=\"elementor-element elementor-element-028c040 elementor-widget elementor-widget-image\" data-id=\"028c040\" data-element_type=\"widget\" data-e-type=\"widget\" data-widget_type=\"image.default\">\n\t\t\t\t\t\t\t\t\t\t\t\t\t\t\t<img fetchpriority=\"high\" decoding=\"async\" width=\"800\" height=\"600\" src=\"https:\/\/palabradevidasv.org\/wp-content\/uploads\/2025\/05\/imagen-orar-1024x768.jpg\" class=\"attachment-large size-large wp-image-3876\" alt=\"Imagen de chico orando\" srcset=\"https:\/\/palabradevidasv.org\/wp-content\/uploads\/2025\/05\/imagen-orar-1024x768.jpg 1024w, https:\/\/palabradevidasv.org\/wp-content\/uploads\/2025\/05\/imagen-orar-300x225.jpg 300w, https:\/\/palabradevidasv.org\/wp-content\/uploads\/2025\/05\/imagen-orar-768x576.jpg 768w, https:\/\/palabradevidasv.org\/wp-content\/uploads\/2025\/05\/imagen-orar-16x12.jpg 16w, https:\/\/palabradevidasv.org\/wp-content\/uploads\/2025\/05\/imagen-orar.jpg 1200w\" sizes=\"(max-width: 800px) 100vw, 800px\" \/>\t\t\t\t\t\t\t\t\t\t\t\t\t\t\t<\/div>\n\t\t\t\t<\/div>\n\t\t\t\t\t<\/div>\n\t\t\t\t<\/div>\n\t\t<div class=\"elementor-element elementor-element-5ab64a7 e-flex e-con-boxed e-con e-parent\" data-id=\"5ab64a7\" data-element_type=\"container\" data-e-type=\"container\">\n\t\t\t\t\t<div class=\"e-con-inner\">\n\t\t<div class=\"elementor-element elementor-element-8bf6387 e-con-full e-flex e-con e-child\" data-id=\"8bf6387\" data-element_type=\"container\" data-e-type=\"container\" data-settings=\"{&quot;background_background&quot;:&quot;classic&quot;}\">\n\t\t\t\t<div class=\"elementor-element elementor-element-28b6eda elementor-widget elementor-widget-heading\" data-id=\"28b6eda\" data-element_type=\"widget\" data-e-type=\"widget\" data-widget_type=\"heading.default\">\n\t\t\t\t\t<h2 class=\"elementor-heading-title elementor-size-default\">Ser voluntario<\/h2>\t\t\t\t<\/div>\n\t\t\t\t<div class=\"elementor-element elementor-element-6a4f407 elementor-widget elementor-widget-text-editor\" data-id=\"6a4f407\" data-element_type=\"widget\" data-e-type=\"widget\" data-widget_type=\"text-editor.default\">\n\t\t\t\t\t\t\t\t\t<p>Es s\u00f3lo a trav\u00e9s de la ayuda de personas como vos apoyando en diferentes oportunidades durante todo el a\u00f1o que podemos lograr nuestra misi\u00f3n de llegar a esta generaci\u00f3n con el Evangelio. Hay oportunidades para todas las edades, capacidades y habilidades. \u00a1Te alentamos a desafiar a tu iglesia, grupo comunitario o familia a venir y participar en este ministerio!<\/p>\t\t\t\t\t\t\t\t<\/div>\n\t\t\t\t<div class=\"elementor-element elementor-element-0d5e668 elementor-widget elementor-widget-button\" data-id=\"0d5e668\" data-element_type=\"widget\" data-e-type=\"widget\" data-widget_type=\"button.default\">\n\t\t\t\t\t\t\t\t\t\t<a class=\"elementor-button elementor-button-link elementor-size-sm\" href=\"https:\/\/palabradevidasv.org\/en\/voluntario\/\">\n\t\t\t\t\t\t<span class=\"elementor-button-content-wrapper\">\n\t\t\t\t\t\t\t\t\t<span class=\"elementor-button-text\">Conoce las oportunidades<\/span>\n\t\t\t\t\t<\/span>\n\t\t\t\t\t<\/a>\n\t\t\t\t\t\t\t\t<\/div>\n\t\t\t\t<\/div>\n\t\t\t\t\t<\/div>\n\t\t\t\t<\/div>\n\t\t<div class=\"elementor-element elementor-element-ddbde4e e-flex e-con-boxed e-con e-parent\" data-id=\"ddbde4e\" data-element_type=\"container\" data-e-type=\"container\">\n\t\t\t\t\t<div class=\"e-con-inner\">\n\t\t<div class=\"elementor-element elementor-element-68eec3b e-con-full e-flex e-con e-child\" data-id=\"68eec3b\" data-element_type=\"container\" data-e-type=\"container\">\n\t\t\t\t<div class=\"elementor-element elementor-element-1c5affc elementor-widget elementor-widget-image\" data-id=\"1c5affc\" data-element_type=\"widget\" data-e-type=\"widget\" data-widget_type=\"image.default\">\n\t\t\t\t\t\t\t\t\t\t\t\t\t\t\t<img decoding=\"async\" width=\"800\" height=\"600\" src=\"https:\/\/palabradevidasv.org\/wp-content\/uploads\/2023\/12\/foto-pablo-1024x768.jpg\" class=\"attachment-large size-large wp-image-3136\" alt=\"Imagen apoyo manualidad\" srcset=\"https:\/\/palabradevidasv.org\/wp-content\/uploads\/2023\/12\/foto-pablo-1024x768.jpg 1024w, https:\/\/palabradevidasv.org\/wp-content\/uploads\/2023\/12\/foto-pablo-300x225.jpg 300w, https:\/\/palabradevidasv.org\/wp-content\/uploads\/2023\/12\/foto-pablo-768x576.jpg 768w, https:\/\/palabradevidasv.org\/wp-content\/uploads\/2023\/12\/foto-pablo-16x12.jpg 16w, https:\/\/palabradevidasv.org\/wp-content\/uploads\/2023\/12\/foto-pablo.jpg 1200w\" sizes=\"(max-width: 800px) 100vw, 800px\" \/>\t\t\t\t\t\t\t\t\t\t\t\t\t\t\t<\/div>\n\t\t\t\t<\/div>\n\t\t<div class=\"elementor-element elementor-element-0e1134e e-con-full e-flex e-con e-child\" data-id=\"0e1134e\" data-element_type=\"container\" data-e-type=\"container\">\n\t\t\t\t<div class=\"elementor-element elementor-element-1b80d19 elementor-widget elementor-widget-heading\" data-id=\"1b80d19\" data-element_type=\"widget\" data-e-type=\"widget\" data-widget_type=\"heading.default\">\n\t\t\t\t\t<h2 class=\"elementor-heading-title elementor-size-default\">Dar<\/h2>\t\t\t\t<\/div>\n\t\t\t\t<div class=\"elementor-element elementor-element-23caa29 elementor-widget elementor-widget-text-editor\" data-id=\"23caa29\" data-element_type=\"widget\" data-e-type=\"widget\" data-widget_type=\"text-editor.default\">\n\t\t\t\t\t\t\t\t\t<p>Somos un ministerio que depende de las bendiciones financieras de Dios. Es s\u00f3lo a trav\u00e9s de los generosos regalos del pueblo de Dios que estamos equipados para difundir el Evangelio a la pr\u00f3xima generaci\u00f3n. Nuestros amigos han apoyado fielmente a Palabra de Vida desde el primer d\u00eda, y damos gracias a Dios por c\u00f3mo nos provee cada a\u00f1o. <strong>\u00bfConsiderar\u00edas unirte a nuestro ministerio como donante?<\/strong><\/p>\t\t\t\t\t\t\t\t<\/div>\n\t\t\t\t<div class=\"elementor-element elementor-element-94f0da8 elementor-widget elementor-widget-button\" data-id=\"94f0da8\" data-element_type=\"widget\" data-e-type=\"widget\" data-widget_type=\"button.default\">\n\t\t\t\t\t\t\t\t\t\t<a class=\"elementor-button elementor-button-link elementor-size-sm\" href=\"https:\/\/palabradevidasv.org\/en\/donar\/\">\n\t\t\t\t\t\t<span class=\"elementor-button-content-wrapper\">\n\t\t\t\t\t\t\t\t\t<span class=\"elementor-button-text\">Apoya al ministerio<\/span>\n\t\t\t\t\t<\/span>\n\t\t\t\t\t<\/a>\n\t\t\t\t\t\t\t\t<\/div>\n\t\t\t\t<\/div>\n\t\t\t\t\t<\/div>\n\t\t\t\t<\/div>\n\t\t\t\t<\/div>","protected":false},"excerpt":{"rendered":"<p>Involucrate Ya seas carpintero, estudiante o enfermero, Dios puede utilizarte en el ministerio. Dependemos del pueblo de Dios para ayudar en cientos de \u00e1reas a trav\u00e9s de Palabra de Vida para alcanzar a las personas con el Evangelio. Orar Al fin y al cabo, nuestra misi\u00f3n de llegar a la pr\u00f3xima generaci\u00f3n con el Evangelio [&hellip;]<\/p>\n","protected":false},"author":1,"featured_media":0,"parent":0,"menu_order":4,"comment_status":"closed","ping_status":"closed","template":"","meta":{"footnotes":""},"class_list":["post-3824","page","type-page","status-publish","hentry"],"aioseo_notices":[],"_links":{"self":[{"href":"https:\/\/palabradevidasv.org\/en\/wp-json\/wp\/v2\/pages\/3824","targetHints":{"allow":["GET"]}}],"collection":[{"href":"https:\/\/palabradevidasv.org\/en\/wp-json\/wp\/v2\/pages"}],"about":[{"href":"https:\/\/palabradevidasv.org\/en\/wp-json\/wp\/v2\/types\/page"}],"author":[{"embeddable":true,"href":"https:\/\/palabradevidasv.org\/en\/wp-json\/wp\/v2\/users\/1"}],"replies":[{"embeddable":true,"href":"https:\/\/palabradevidasv.org\/en\/wp-json\/wp\/v2\/comments?post=3824"}],"version-history":[{"count":22,"href":"https:\/\/palabradevidasv.org\/en\/wp-json\/wp\/v2\/pages\/3824\/revisions"}],"predecessor-version":[{"id":3918,"href":"https:\/\/palabradevidasv.org\/en\/wp-json\/wp\/v2\/pages\/3824\/revisions\/3918"}],"wp:attachment":[{"href":"https:\/\/palabradevidasv.org\/en\/wp-json\/wp\/v2\/media?parent=3824"}],"curies":[{"name":"wp","href":"https:\/\/api.w.org\/{rel}","templated":true}]}}