{"id":2056,"date":"2022-09-06T17:46:35","date_gmt":"2022-09-06T17:46:35","guid":{"rendered":"https:\/\/www.palabradevidasv.com\/?page_id=2056"},"modified":"2025-03-17T16:27:20","modified_gmt":"2025-03-17T22:27:20","slug":"ministerios","status":"publish","type":"page","link":"https:\/\/palabradevidasv.org\/en\/ministerios\/","title":{"rendered":"Ministries"},"content":{"rendered":"<div data-elementor-type=\"wp-page\" data-elementor-id=\"2056\" class=\"elementor elementor-2056\">\n\t\t\t\t<header class=\"elementor-element elementor-element-b7c8f53 e-flex e-con-boxed e-con e-parent\" data-id=\"b7c8f53\" data-element_type=\"container\" data-e-type=\"container\" data-settings=\"{&quot;background_background&quot;:&quot;classic&quot;}\">\n\t\t\t\t\t<div class=\"e-con-inner\">\n\t\t\t\t<div class=\"elementor-element elementor-element-61f0972 elementor-widget elementor-widget-heading\" data-id=\"61f0972\" data-element_type=\"widget\" data-e-type=\"widget\" data-widget_type=\"heading.default\">\n\t\t\t\t\t<h1 class=\"elementor-heading-title elementor-size-default\">Ministries<\/h1>\t\t\t\t<\/div>\n\t\t\t\t\t<\/div>\n\t\t\t\t<\/header>\n\t\t<main class=\"elementor-element elementor-element-25d7ec1 e-flex e-con-boxed e-con e-parent\" data-id=\"25d7ec1\" data-element_type=\"container\" data-e-type=\"container\">\n\t\t\t\t\t<div class=\"e-con-inner\">\n\t\t<div class=\"elementor-element elementor-element-55b780a e-con-full e-flex e-con e-child\" data-id=\"55b780a\" data-element_type=\"container\" data-e-type=\"container\">\n\t\t\t\t<div class=\"elementor-element elementor-element-fa79668 elementor-widget elementor-widget-heading\" data-id=\"fa79668\" data-element_type=\"widget\" data-e-type=\"widget\" data-widget_type=\"heading.default\">\n\t\t\t\t\t<h2 class=\"elementor-heading-title elementor-size-default translation-block\">Get to know how we reach people for <span><span>Christ.<\/span><\/span><\/h2>\t\t\t\t<\/div>\n\t\t\t\t<div class=\"elementor-element elementor-element-ada4316 elementor-widget elementor-widget-text-editor\" data-id=\"ada4316\" data-element_type=\"widget\" data-e-type=\"widget\" data-widget_type=\"text-editor.default\">\n\t\t\t\t\t\t\t\t\t<p>Nuestros ministerios crean <strong>experiencias<\/strong> que den a <strong>j\u00f3venes<\/strong> y <strong>familias<\/strong> la oportunidad de encontrar a Dios y crecer en su vida espiritual. Tambi\u00e9n ayudan al creyente a <strong>crecer en su fe<\/strong> y a <strong>compartir<\/strong> acerca de Cristo con aquellos que nunca han escuchado del evangelio.<\/p>\t\t\t\t\t\t\t\t<\/div>\n\t\t\t\t<\/div>\n\t\t<div class=\"elementor-element elementor-element-2df2df1 e-con-full e-flex e-con e-child\" data-id=\"2df2df1\" data-element_type=\"container\" data-e-type=\"container\">\n\t\t<article class=\"elementor-element elementor-element-cde945d e-con-full e-flex e-con e-child\" data-id=\"cde945d\" data-element_type=\"container\" data-e-type=\"container\">\n\t\t<section class=\"elementor-element elementor-element-4e68326 e-con-full e-flex e-con e-child\" data-id=\"4e68326\" data-element_type=\"container\" data-e-type=\"container\">\n\t\t\t\t<div class=\"elementor-element elementor-element-6c9d3de elementor-widget elementor-widget-heading\" data-id=\"6c9d3de\" data-element_type=\"widget\" data-e-type=\"widget\" data-widget_type=\"heading.default\">\n\t\t\t\t\t<h2 class=\"elementor-heading-title elementor-size-default\">Ministerio de la iglesia local<\/h2>\t\t\t\t<\/div>\n\t\t\t\t<div class=\"elementor-element elementor-element-e0d1fec elementor-widget elementor-widget-heading\" data-id=\"e0d1fec\" data-element_type=\"widget\" data-e-type=\"widget\" data-widget_type=\"heading.default\">\n\t\t\t\t\t<h3 class=\"elementor-heading-title elementor-size-default\">\"Haz crecer tu fe\"<\/h3>\t\t\t\t<\/div>\n\t\t\t\t<div class=\"elementor-element elementor-element-db07253 elementor-widget elementor-widget-text-editor\" data-id=\"db07253\" data-element_type=\"widget\" data-e-type=\"widget\" data-widget_type=\"text-editor.default\">\n\t\t\t\t\t\t\t\t\t<div class=\"elementor-element elementor-element-62d352e2 elementor-widget elementor-widget-text-editor\" data-id=\"62d352e2\" data-element_type=\"widget\" data-widget_type=\"text-editor.default\"><div class=\"elementor-widget-container\"><p>Our passion is to help churches throughout the country have dynamic children and youth ministries.<\/p><\/div><\/div>\t\t\t\t\t\t\t\t<\/div>\n\t\t\t\t<div class=\"elementor-element elementor-element-124caa6 elementor-widget elementor-widget-button\" data-id=\"124caa6\" data-element_type=\"widget\" data-e-type=\"widget\" data-widget_type=\"button.default\">\n\t\t\t\t\t\t\t\t\t\t<a class=\"elementor-button elementor-button-link elementor-size-sm\" href=\"https:\/\/mil.palabradevidasv.org\/en\/\" target=\"_blank\">\n\t\t\t\t\t\t<span class=\"elementor-button-content-wrapper\">\n\t\t\t\t\t\t\t\t\t<span class=\"elementor-button-text\">VISITA EL SITIO<\/span>\n\t\t\t\t\t<\/span>\n\t\t\t\t\t<\/a>\n\t\t\t\t\t\t\t\t<\/div>\n\t\t\t\t<\/section>\n\t\t<div class=\"elementor-element elementor-element-dacab49 e-con-full e-flex e-con e-child\" data-id=\"dacab49\" data-element_type=\"container\" data-e-type=\"container\">\n\t\t\t\t<div class=\"elementor-element elementor-element-901ec0a elementor-widget elementor-widget-image\" data-id=\"901ec0a\" data-element_type=\"widget\" data-e-type=\"widget\" data-widget_type=\"image.default\">\n\t\t\t\t\t\t\t\t\t\t\t\t\t\t\t<img fetchpriority=\"high\" decoding=\"async\" width=\"800\" height=\"600\" src=\"https:\/\/palabradevidasv.org\/wp-content\/uploads\/2024\/10\/6-1024x768.jpg\" class=\"attachment-large size-large wp-image-3349\" alt=\"Capacitaci\u00f3n iglesia\" srcset=\"https:\/\/palabradevidasv.org\/wp-content\/uploads\/2024\/10\/6-1024x768.jpg 1024w, https:\/\/palabradevidasv.org\/wp-content\/uploads\/2024\/10\/6-300x225.jpg 300w, https:\/\/palabradevidasv.org\/wp-content\/uploads\/2024\/10\/6-768x576.jpg 768w, https:\/\/palabradevidasv.org\/wp-content\/uploads\/2024\/10\/6-16x12.jpg 16w, https:\/\/palabradevidasv.org\/wp-content\/uploads\/2024\/10\/6.jpg 1200w\" sizes=\"(max-width: 800px) 100vw, 800px\" \/>\t\t\t\t\t\t\t\t\t\t\t\t\t\t\t<\/div>\n\t\t\t\t<\/div>\n\t\t\t\t<\/article>\n\t\t<article class=\"elementor-element elementor-element-7fcde2f e-con-full e-flex e-con e-child\" data-id=\"7fcde2f\" data-element_type=\"container\" data-e-type=\"container\" data-settings=\"{&quot;background_background&quot;:&quot;classic&quot;}\">\n\t\t\t\t<div class=\"elementor-element elementor-element-98faae9 elementor-widget elementor-widget-heading\" data-id=\"98faae9\" data-element_type=\"widget\" data-e-type=\"widget\" data-widget_type=\"heading.default\">\n\t\t\t\t\t<h2 class=\"elementor-heading-title elementor-size-default\">Campamento <\/h2>\t\t\t\t<\/div>\n\t\t\t\t<div class=\"elementor-element elementor-element-79010e2 elementor-widget elementor-widget-heading\" data-id=\"79010e2\" data-element_type=\"widget\" data-e-type=\"widget\" data-widget_type=\"heading.default\">\n\t\t\t\t\t<h3 class=\"elementor-heading-title elementor-size-default\">\"Lanza tu fe\"<\/h3>\t\t\t\t<\/div>\n\t\t\t\t<div class=\"elementor-element elementor-element-6ed6378 elementor-widget elementor-widget-text-editor\" data-id=\"6ed6378\" data-element_type=\"widget\" data-e-type=\"widget\" data-widget_type=\"text-editor.default\">\n\t\t\t\t\t\t\t\t\t<p>Repleto de actividades emocionantes, ense\u00f1anzas basadas en la Biblia y experiencias impactantes para todas las edades.<\/p>\t\t\t\t\t\t\t\t<\/div>\n\t\t\t\t<div class=\"elementor-element elementor-element-97a5463 elementor-widget elementor-widget-button\" data-id=\"97a5463\" data-element_type=\"widget\" data-e-type=\"widget\" data-widget_type=\"button.default\">\n\t\t\t\t\t\t\t\t\t\t<a class=\"elementor-button elementor-button-link elementor-size-sm\" href=\"#\">\n\t\t\t\t\t\t<span class=\"elementor-button-content-wrapper\">\n\t\t\t\t\t\t\t\t\t<span class=\"elementor-button-text\">VISITA EL SITIO<\/span>\n\t\t\t\t\t<\/span>\n\t\t\t\t\t<\/a>\n\t\t\t\t\t\t\t\t<\/div>\n\t\t\t\t<\/article>\n\t\t<article class=\"elementor-element elementor-element-df1d091 e-con-full e-flex e-con e-child\" data-id=\"df1d091\" data-element_type=\"container\" data-e-type=\"container\">\n\t\t<div class=\"elementor-element elementor-element-933a820 e-con-full e-flex e-con e-child\" data-id=\"933a820\" data-element_type=\"container\" data-e-type=\"container\">\n\t\t\t\t<div class=\"elementor-element elementor-element-0924622 elementor-widget elementor-widget-image\" data-id=\"0924622\" data-element_type=\"widget\" data-e-type=\"widget\" data-widget_type=\"image.default\">\n\t\t\t\t\t\t\t\t\t\t\t\t\t\t\t<img decoding=\"async\" width=\"800\" height=\"600\" src=\"https:\/\/palabradevidasv.org\/wp-content\/uploads\/2024\/03\/imagen-evangelismo-1024x768.jpg\" class=\"attachment-large size-large wp-image-3175\" alt=\"Evangelismo ilustrado\" srcset=\"https:\/\/palabradevidasv.org\/wp-content\/uploads\/2024\/03\/imagen-evangelismo-1024x768.jpg 1024w, https:\/\/palabradevidasv.org\/wp-content\/uploads\/2024\/03\/imagen-evangelismo-300x225.jpg 300w, https:\/\/palabradevidasv.org\/wp-content\/uploads\/2024\/03\/imagen-evangelismo-768x576.jpg 768w, https:\/\/palabradevidasv.org\/wp-content\/uploads\/2024\/03\/imagen-evangelismo-16x12.jpg 16w, https:\/\/palabradevidasv.org\/wp-content\/uploads\/2024\/03\/imagen-evangelismo.jpg 1200w\" sizes=\"(max-width: 800px) 100vw, 800px\" \/>\t\t\t\t\t\t\t\t\t\t\t\t\t\t\t<\/div>\n\t\t\t\t<\/div>\n\t\t<section class=\"elementor-element elementor-element-0c3e5fa e-con-full e-flex e-con e-child\" data-id=\"0c3e5fa\" data-element_type=\"container\" data-e-type=\"container\">\n\t\t\t\t<div class=\"elementor-element elementor-element-e74cf06 elementor-widget elementor-widget-heading\" data-id=\"e74cf06\" data-element_type=\"widget\" data-e-type=\"widget\" data-widget_type=\"heading.default\">\n\t\t\t\t\t<h2 class=\"elementor-heading-title elementor-size-default\">Evangelism<\/h2>\t\t\t\t<\/div>\n\t\t\t\t<div class=\"elementor-element elementor-element-b63e96b elementor-widget elementor-widget-heading\" data-id=\"b63e96b\" data-element_type=\"widget\" data-e-type=\"widget\" data-widget_type=\"heading.default\">\n\t\t\t\t\t<h3 class=\"elementor-heading-title elementor-size-default\">\"\u00danete a la causa\"<\/h3>\t\t\t\t<\/div>\n\t\t\t\t<div class=\"elementor-element elementor-element-18660e9 elementor-widget elementor-widget-text-editor\" data-id=\"18660e9\" data-element_type=\"widget\" data-e-type=\"widget\" data-widget_type=\"text-editor.default\">\n\t\t\t\t\t\t\t\t\t<div class=\"elementor-element elementor-element-62d352e2 elementor-widget elementor-widget-text-editor\" data-id=\"62d352e2\" data-element_type=\"widget\" data-widget_type=\"text-editor.default\"><div class=\"elementor-widget-container\"><div class=\"elementor-element elementor-element-62d352e2 elementor-widget elementor-widget-text-editor\" data-id=\"62d352e2\" data-element_type=\"widget\" data-widget_type=\"text-editor.default\"><div class=\"elementor-widget-container\"><p>Supporting the local church in evangelization activities and training.<\/p><\/div><\/div><div class=\"elementor-element elementor-element-7334a220 elementor-widget elementor-widget-button\" data-id=\"7334a220\" data-element_type=\"widget\" data-widget_type=\"button.default\"><div class=\"elementor-widget-container\"><div class=\"elementor-button-wrapper\">\u00a0<\/div><\/div><\/div><\/div><\/div>\t\t\t\t\t\t\t\t<\/div>\n\t\t\t\t<div class=\"elementor-element elementor-element-8847824 elementor-widget elementor-widget-button\" data-id=\"8847824\" data-element_type=\"widget\" data-e-type=\"widget\" data-widget_type=\"button.default\">\n\t\t\t\t\t\t\t\t\t\t<a class=\"elementor-button elementor-button-link elementor-size-sm\" href=\"#\">\n\t\t\t\t\t\t<span class=\"elementor-button-content-wrapper\">\n\t\t\t\t\t\t\t\t\t<span class=\"elementor-button-text\">VISITA EL SITIO<\/span>\n\t\t\t\t\t<\/span>\n\t\t\t\t\t<\/a>\n\t\t\t\t\t\t\t\t<\/div>\n\t\t\t\t<\/section>\n\t\t\t\t<\/article>\n\t\t<article class=\"elementor-element elementor-element-e80615a e-con-full e-flex e-con e-child\" data-id=\"e80615a\" data-element_type=\"container\" data-e-type=\"container\" data-settings=\"{&quot;background_background&quot;:&quot;classic&quot;}\">\n\t\t\t\t<div class=\"elementor-element elementor-element-41fcd76 elementor-widget elementor-widget-heading\" data-id=\"41fcd76\" data-element_type=\"widget\" data-e-type=\"widget\" data-widget_type=\"heading.default\">\n\t\t\t\t\t<h2 class=\"elementor-heading-title elementor-size-default\">Bible Institute<\/h2>\t\t\t\t<\/div>\n\t\t\t\t<div class=\"elementor-element elementor-element-172a997 elementor-widget elementor-widget-heading\" data-id=\"172a997\" data-element_type=\"widget\" data-e-type=\"widget\" data-widget_type=\"heading.default\">\n\t\t\t\t\t<h3 class=\"elementor-heading-title elementor-size-default\">\"Experimenta tu fe\"<\/h3>\t\t\t\t<\/div>\n\t\t\t\t<div class=\"elementor-element elementor-element-88bfa3b elementor-widget elementor-widget-text-editor\" data-id=\"88bfa3b\" data-element_type=\"widget\" data-e-type=\"widget\" data-widget_type=\"text-editor.default\">\n\t\t\t\t\t\t\t\t\t<p>Un programa de gran nivel acad\u00e9mico para el estudio intensivo de la biblia para estudiantes que se han graduado de bachillerato.<\/p>\t\t\t\t\t\t\t\t<\/div>\n\t\t<div class=\"elementor-element elementor-element-36ed2e2 e-con-full e-flex e-con e-child\" data-id=\"36ed2e2\" data-element_type=\"container\" data-e-type=\"container\">\n\t\t\t\t<div class=\"elementor-element elementor-element-c19742b elementor-widget elementor-widget-button\" data-id=\"c19742b\" data-element_type=\"widget\" data-e-type=\"widget\" data-widget_type=\"button.default\">\n\t\t\t\t\t\t\t\t\t\t<a class=\"elementor-button elementor-button-link elementor-size-sm\" href=\"https:\/\/www.ibpdva.org\/\" target=\"_blank\">\n\t\t\t\t\t\t<span class=\"elementor-button-content-wrapper\">\n\t\t\t\t\t\t\t\t\t<span class=\"elementor-button-text\">ARGENTINA BIBLE INSTITUTE<\/span>\n\t\t\t\t\t<\/span>\n\t\t\t\t\t<\/a>\n\t\t\t\t\t\t\t\t<\/div>\n\t\t\t\t<div class=\"elementor-element elementor-element-0543eda elementor-widget elementor-widget-button\" data-id=\"0543eda\" data-element_type=\"widget\" data-e-type=\"widget\" data-widget_type=\"button.default\">\n\t\t\t\t\t\t\t\t\t\t<a class=\"elementor-button elementor-button-link elementor-size-sm\" href=\"https:\/\/www.palabradevidamexico.com\/instituto\/\" target=\"_blank\">\n\t\t\t\t\t\t<span class=\"elementor-button-content-wrapper\">\n\t\t\t\t\t\t\t\t\t<span class=\"elementor-button-text\">MEXICO BIBLE INSTITUTE<\/span>\n\t\t\t\t\t<\/span>\n\t\t\t\t\t<\/a>\n\t\t\t\t\t\t\t\t<\/div>\n\t\t\t\t<\/div>\n\t\t\t\t<\/article>\n\t\t\t\t<\/div>\n\t\t\t\t\t<\/div>\n\t\t\t\t<\/main>\n\t\t\t\t<\/div>","protected":false},"excerpt":{"rendered":"<p>Ministerios Conoce c\u00f3mo llegamos a las personas para Cristo Nuestros ministerios crean experiencias que den a j\u00f3venes y familias la oportunidad de encontrar a Dios y crecer en su vida espiritual. Tambi\u00e9n ayudan al creyente a crecer en su fe y a compartir acerca de Cristo con aquellos que nunca han escuchado del evangelio. Ministerio [&hellip;]<\/p>\n","protected":false},"author":1,"featured_media":0,"parent":0,"menu_order":2,"comment_status":"closed","ping_status":"closed","template":"","meta":{"footnotes":""},"class_list":["post-2056","page","type-page","status-publish","hentry"],"aioseo_notices":[],"_links":{"self":[{"href":"https:\/\/palabradevidasv.org\/en\/wp-json\/wp\/v2\/pages\/2056","targetHints":{"allow":["GET"]}}],"collection":[{"href":"https:\/\/palabradevidasv.org\/en\/wp-json\/wp\/v2\/pages"}],"about":[{"href":"https:\/\/palabradevidasv.org\/en\/wp-json\/wp\/v2\/types\/page"}],"author":[{"embeddable":true,"href":"https:\/\/palabradevidasv.org\/en\/wp-json\/wp\/v2\/users\/1"}],"replies":[{"embeddable":true,"href":"https:\/\/palabradevidasv.org\/en\/wp-json\/wp\/v2\/comments?post=2056"}],"version-history":[{"count":24,"href":"https:\/\/palabradevidasv.org\/en\/wp-json\/wp\/v2\/pages\/2056\/revisions"}],"predecessor-version":[{"id":3752,"href":"https:\/\/palabradevidasv.org\/en\/wp-json\/wp\/v2\/pages\/2056\/revisions\/3752"}],"wp:attachment":[{"href":"https:\/\/palabradevidasv.org\/en\/wp-json\/wp\/v2\/media?parent=2056"}],"curies":[{"name":"wp","href":"https:\/\/api.w.org\/{rel}","templated":true}]}}